{"id":44258,"date":"2024-06-14T10:25:33","date_gmt":"2024-06-14T10:25:33","guid":{"rendered":"https:\/\/www.asiactionfurniture.com\/?page_id=44258"},"modified":"2025-03-04T10:52:54","modified_gmt":"2025-03-04T10:52:54","slug":"avis-juridique","status":"publish","type":"page","link":"https:\/\/www.asiactionfurniture.com\/fr\/legal-notice\/","title":{"rendered":"Mentions l\u00e9gales EN \u2013 Avis juridique"},"content":{"rendered":"<div data-elementor-type=\"wp-page\" data-elementor-id=\"44258\" class=\"elementor elementor-44258\" data-elementor-post-type=\"page\">\n\t\t\t\t\t\t<section class=\"elementor-section elementor-top-section elementor-element elementor-element-98474c7 elementor-section-boxed elementor-section-height-default elementor-section-height-default\" data-id=\"98474c7\" data-element_type=\"section\" data-e-type=\"section\">\n\t\t\t\t\t\t<div class=\"elementor-container elementor-column-gap-default\">\n\t\t\t\t\t<div class=\"elementor-column elementor-col-100 elementor-top-column elementor-element elementor-element-d9f491c\" data-id=\"d9f491c\" data-element_type=\"column\" data-e-type=\"column\">\n\t\t\t<div class=\"elementor-widget-wrap elementor-element-populated\">\n\t\t\t\t\t\t<div class=\"elementor-element elementor-element-aa22f3d elementor-widget elementor-widget-text-editor\" data-id=\"aa22f3d\" data-element_type=\"widget\" data-e-type=\"widget\" data-widget_type=\"text-editor.default\">\n\t\t\t\t<div class=\"elementor-widget-container\">\n\t\t\t\t\t\t\t\t\t<h2>Avis juridique<\/h2><h3>Informations sur l&#039;\u00e9diteur du site<\/h3><p><strong>Nom de l&#039;\u00e9diteur du site\u00a0:<\/strong> ASIACTION LIMIT\u00c9E<br \/><strong>Adresse du si\u00e8ge social :<\/strong> Unit\u00e9 2A, 17e \u00e9tage, Tour Glenealy, n\u00b0 1 Glenealy, Central, Hong Kong 999077 HONG KONG<br \/><strong>Num\u00e9ro de t\u00e9l\u00e9phone:<\/strong> +852 \u2013 81 20 77 19<br \/><strong>Adresse email:<\/strong> <a rel=\"noreferrer\">contact@asiaction.com<\/a><br \/><strong>Num\u00e9ro d&#039;immatriculation au Registre du commerce et des soci\u00e9t\u00e9s (RCS) :<\/strong> 1521980<br \/><strong>Num\u00e9ro de TVA :<\/strong> Non applicable<br \/><strong>Nom de l&#039;h\u00e9bergeur du site Web et coordonn\u00e9es :<\/strong><br \/>Kinsta Inc.<br \/>8605 Santa Monica Blvd #92581<br \/>West Hollywood, CA 90069<br \/>\u00c9tats-Unis<\/p><h3>Conditions g\u00e9n\u00e9rales d&#039;utilisation (CGU)<\/h3><h4>Utilisation du site<\/h4><p>L\u2019utilisation du site www.asiactionfurniture.com est soumise aux conditions g\u00e9n\u00e9rales d\u2019utilisation (CGU) suivantes. En acc\u00e9dant au site, vous acceptez les CGU.<\/p><h4>Comportement de l&#039;utilisateur<\/h4><p>Les utilisateurs s&#039;engagent \u00e0 utiliser le site de mani\u00e8re responsable et \u00e0 ne publier aucun contenu ill\u00e9gal, offensant ou portant atteinte aux droits d&#039;auteur. Tout comportement abusif ou frauduleux pourra entra\u00eener la suspension ou la r\u00e9siliation de l&#039;acc\u00e8s au site.<\/p><h4>Limitations de responsabilit\u00e9<\/h4><p>ASIACTION LIMITED ne garantit ni la disponibilit\u00e9 ininterrompue du site ni l&#039;exactitude des informations fournies. La soci\u00e9t\u00e9 d\u00e9cline toute responsabilit\u00e9 pour tout dommage direct ou indirect r\u00e9sultant de l&#039;utilisation du site.<\/p><h4>Droits de propri\u00e9t\u00e9 intellectuelle<\/h4><p>L\u2019ensemble du contenu du site (textes, images, logos, etc.) est la propri\u00e9t\u00e9 exclusive d\u2019ASIACTION LIMITED ou de ses partenaires et est prot\u00e9g\u00e9 par les lois sur la propri\u00e9t\u00e9 intellectuelle. Toute reproduction, distribution ou utilisation non autoris\u00e9e de ce contenu est strictement interdite.<\/p><h4>Droit applicable et juridiction<\/h4><p>Les pr\u00e9sentes conditions g\u00e9n\u00e9rales d&#039;utilisation sont r\u00e9gies par le droit de Hong Kong. Tout litige relatif \u00e0 leur interpr\u00e9tation ou \u00e0 leur ex\u00e9cution rel\u00e8ve de la comp\u00e9tence exclusive des tribunaux de Hong Kong.<\/p><h3>politique de confidentialit\u00e9<\/h3><h4>Types de donn\u00e9es personnelles collect\u00e9es<\/h4><p>Nous collectons les donn\u00e9es personnelles suivantes\u00a0: nom, adresse e-mail, num\u00e9ro de t\u00e9l\u00e9phone.<\/p><h4>M\u00e9thodes de collecte de donn\u00e9es<\/h4><p>Les donn\u00e9es personnelles sont collect\u00e9es via les formulaires disponibles sur notre site.<\/p><h4>Objectif de la collecte de donn\u00e9es<\/h4><p>Les donn\u00e9es collect\u00e9es sont utilis\u00e9es \u00e0 des fins de marketing et de suivi client.<\/p><h4>Partage de donn\u00e9es avec des tiers<\/h4><p>Nous ne partageons pas vos donn\u00e9es personnelles avec des tiers.<\/p><h4>Droits de l&#039;utilisateur<\/h4><p>Conform\u00e9ment \u00e0 la r\u00e9glementation applicable, vous disposez des droits suivants concernant vos donn\u00e9es personnelles\u00a0:<\/p><ul><li><strong>Droit d&#039;acc\u00e8s :<\/strong> Vous pouvez demander l&#039;acc\u00e8s aux donn\u00e9es personnelles que nous d\u00e9tenons vous concernant.<\/li><li><strong>Droit de rectification :<\/strong> Vous pouvez demander la correction des donn\u00e9es inexactes ou incompl\u00e8tes.<\/li><li><strong>Droit de suppression\u00a0:<\/strong> Vous pouvez demander la suppression de vos donn\u00e9es personnelles.<\/li><li><strong>Droit d&#039;opposition :<\/strong> Vous pouvez vous opposer au traitement de vos donn\u00e9es pour des motifs l\u00e9gitimes.<\/li><\/ul><p>Pour exercer ces droits, veuillez nous contacter \u00e0 l&#039;adresse \u00e9lectronique suivante\u00a0: <a rel=\"noreferrer\">contact@asiaction.com<\/a><\/p><h4>Informations sur les cookies et leur gestion<\/h4><p>Nous utilisons des cookies, y compris des cookies Google, pour am\u00e9liorer votre exp\u00e9rience utilisateur et analyser le trafic du site. Vous pouvez g\u00e9rer vos pr\u00e9f\u00e9rences en mati\u00e8re de cookies dans les param\u00e8tres de votre navigateur.<\/p>\t\t\t\t\t\t\t\t<\/div>\n\t\t\t\t<\/div>\n\t\t\t\t\t<\/div>\n\t\t<\/div>\n\t\t\t\t\t<\/div>\n\t\t<\/section>\n\t\t\t\t<\/div>","protected":false},"excerpt":{"rendered":"<p>Legal Notice Site Editor Information Site Editor Name: ASIACTION LIMITEDHead Office Address: Unit 2A, 17\/F, Glenealy Tower, No.1 Glenealy, Central, Hong Kong 999077 HONG KONGPhone Number: +852 &#8211; 81 20 77 19Email Address: contact@asiaction.comRegistration Number in the Trade and Companies Register (RCS): 1521980VAT Number: Not applicableWebsite Host Name and Contact Information:Kinsta Inc.8605 Santa Monica Blvd [&hellip;]<\/p>\n","protected":false},"author":1,"featured_media":0,"parent":0,"menu_order":0,"comment_status":"closed","ping_status":"closed","template":"","meta":{"footnotes":""},"class_list":["post-44258","page","type-page","status-publish","hentry"],"yoast_head":"<!-- This site is optimized with the Yoast SEO plugin v27.6 - https:\/\/yoast.com\/product\/yoast-seo-wordpress\/ -->\n<title>Legal Notice - Asiaction Furniture Procurement Agency in China<\/title>\n<meta name=\"robots\" content=\"noindex, follow\" \/>\n<meta property=\"og:locale\" content=\"fr_FR\" \/>\n<meta property=\"og:type\" content=\"article\" \/>\n<meta property=\"og:title\" content=\"Legal Notice - Asiaction Furniture Procurement Agency in China\" \/>\n<meta property=\"og:description\" content=\"Legal Notice Site Editor Information Site Editor Name: ASIACTION LIMITEDHead Office Address: Unit 2A, 17\/F, Glenealy Tower, No.1 Glenealy, Central, Hong Kong 999077 HONG KONGPhone Number: +852 &#8211; 81 20 77 19Email Address: contact@asiaction.comRegistration Number in the Trade and Companies Register (RCS): 1521980VAT Number: Not applicableWebsite Host Name and Contact Information:Kinsta Inc.8605 Santa Monica Blvd [&hellip;]\" \/>\n<meta property=\"og:url\" content=\"https:\/\/www.asiactionfurniture.com\/fr\/avis-juridique\/\" \/>\n<meta property=\"og:site_name\" content=\"Asiaction Furniture Procurement Agency in China\" \/>\n<meta property=\"article:publisher\" content=\"https:\/\/www.facebook.com\/asiactionfurniture\" \/>\n<meta property=\"article:modified_time\" content=\"2025-03-04T10:52:54+00:00\" \/>\n<meta name=\"twitter:card\" content=\"summary_large_image\" \/>\n<meta name=\"twitter:label1\" content=\"Dur\u00e9e de lecture estim\u00e9e\" \/>\n\t<meta name=\"twitter:data1\" content=\"2 minutes\" \/>\n<script type=\"application\/ld+json\" class=\"yoast-schema-graph\">{\"@context\":\"https:\\\/\\\/schema.org\",\"@graph\":[{\"@type\":\"WebPage\",\"@id\":\"https:\\\/\\\/www.asiactionfurniture.com\\\/en\\\/legal-notice\\\/\",\"url\":\"https:\\\/\\\/www.asiactionfurniture.com\\\/en\\\/legal-notice\\\/\",\"name\":\"Legal Notice - Asiaction Furniture Procurement Agency in China\",\"isPartOf\":{\"@id\":\"https:\\\/\\\/www.asiactionfurniture.com\\\/#website\"},\"datePublished\":\"2024-06-14T10:25:33+00:00\",\"dateModified\":\"2025-03-04T10:52:54+00:00\",\"breadcrumb\":{\"@id\":\"https:\\\/\\\/www.asiactionfurniture.com\\\/en\\\/legal-notice\\\/#breadcrumb\"},\"inLanguage\":\"fr-FR\",\"potentialAction\":[{\"@type\":\"ReadAction\",\"target\":[\"https:\\\/\\\/www.asiactionfurniture.com\\\/en\\\/legal-notice\\\/\"]}]},{\"@type\":\"BreadcrumbList\",\"@id\":\"https:\\\/\\\/www.asiactionfurniture.com\\\/en\\\/legal-notice\\\/#breadcrumb\",\"itemListElement\":[{\"@type\":\"ListItem\",\"position\":1,\"name\":\"Home\",\"item\":\"https:\\\/\\\/www.asiactionfurniture.com\\\/en\\\/\"},{\"@type\":\"ListItem\",\"position\":2,\"name\":\"Legal EN &#8211; Legal Notice\"}]},{\"@type\":\"WebSite\",\"@id\":\"https:\\\/\\\/www.asiactionfurniture.com\\\/#website\",\"url\":\"https:\\\/\\\/www.asiactionfurniture.com\\\/\",\"name\":\"Asiaction Furniture Procurement Agency in China\",\"description\":\"Your furniture Agency in China\",\"publisher\":{\"@id\":\"https:\\\/\\\/www.asiactionfurniture.com\\\/#organization\"},\"potentialAction\":[{\"@type\":\"SearchAction\",\"target\":{\"@type\":\"EntryPoint\",\"urlTemplate\":\"https:\\\/\\\/www.asiactionfurniture.com\\\/?s={search_term_string}\"},\"query-input\":{\"@type\":\"PropertyValueSpecification\",\"valueRequired\":true,\"valueName\":\"search_term_string\"}}],\"inLanguage\":\"fr-FR\"},{\"@type\":\"Organization\",\"@id\":\"https:\\\/\\\/www.asiactionfurniture.com\\\/#organization\",\"name\":\"Asiaction Furniture\",\"url\":\"https:\\\/\\\/www.asiactionfurniture.com\\\/\",\"logo\":{\"@type\":\"ImageObject\",\"inLanguage\":\"fr-FR\",\"@id\":\"https:\\\/\\\/www.asiactionfurniture.com\\\/#\\\/schema\\\/logo\\\/image\\\/\",\"url\":\"https:\\\/\\\/www.asiactionfurniture.com\\\/wp-content\\\/uploads\\\/2019\\\/04\\\/logo-asiaction-furniture.png\",\"contentUrl\":\"https:\\\/\\\/www.asiactionfurniture.com\\\/wp-content\\\/uploads\\\/2019\\\/04\\\/logo-asiaction-furniture.png\",\"width\":705,\"height\":226,\"caption\":\"Asiaction Furniture\"},\"image\":{\"@id\":\"https:\\\/\\\/www.asiactionfurniture.com\\\/#\\\/schema\\\/logo\\\/image\\\/\"},\"sameAs\":[\"https:\\\/\\\/www.facebook.com\\\/asiactionfurniture\",\"https:\\\/\\\/www.linkedin.com\\\/showcase\\\/asiaction-furniture\\\/\",\"https:\\\/\\\/www.youtube.com\\\/channel\\\/UCC8rDKepVPVegL8CNgR0T4A\\\/featured\"]}]}<\/script>\n<!-- \/ Yoast SEO plugin. -->","yoast_head_json":{"title":"Avis juridique - Asiaction, agence d&#039;approvisionnement en mobilier en Chine","robots":{"index":"noindex","follow":"follow"},"og_locale":"fr_FR","og_type":"article","og_title":"Legal Notice - Asiaction Furniture Procurement Agency in China","og_description":"Legal Notice Site Editor Information Site Editor Name: ASIACTION LIMITEDHead Office Address: Unit 2A, 17\/F, Glenealy Tower, No.1 Glenealy, Central, Hong Kong 999077 HONG KONGPhone Number: +852 &#8211; 81 20 77 19Email Address: contact@asiaction.comRegistration Number in the Trade and Companies Register (RCS): 1521980VAT Number: Not applicableWebsite Host Name and Contact Information:Kinsta Inc.8605 Santa Monica Blvd [&hellip;]","og_url":"https:\/\/www.asiactionfurniture.com\/fr\/avis-juridique\/","og_site_name":"Asiaction Furniture Procurement Agency in China","article_publisher":"https:\/\/www.facebook.com\/asiactionfurniture","article_modified_time":"2025-03-04T10:52:54+00:00","twitter_card":"summary_large_image","twitter_misc":{"Dur\u00e9e de lecture estim\u00e9e":"2 minutes"},"schema":{"@context":"https:\/\/schema.org","@graph":[{"@type":"WebPage","@id":"https:\/\/www.asiactionfurniture.com\/en\/legal-notice\/","url":"https:\/\/www.asiactionfurniture.com\/en\/legal-notice\/","name":"Avis juridique - Asiaction, agence d&#039;approvisionnement en mobilier en Chine","isPartOf":{"@id":"https:\/\/www.asiactionfurniture.com\/#website"},"datePublished":"2024-06-14T10:25:33+00:00","dateModified":"2025-03-04T10:52:54+00:00","breadcrumb":{"@id":"https:\/\/www.asiactionfurniture.com\/en\/legal-notice\/#breadcrumb"},"inLanguage":"fr-FR","potentialAction":[{"@type":"ReadAction","target":["https:\/\/www.asiactionfurniture.com\/en\/legal-notice\/"]}]},{"@type":"BreadcrumbList","@id":"https:\/\/www.asiactionfurniture.com\/en\/legal-notice\/#breadcrumb","itemListElement":[{"@type":"ListItem","position":1,"name":"Home","item":"https:\/\/www.asiactionfurniture.com\/en\/"},{"@type":"ListItem","position":2,"name":"Legal EN &#8211; Legal Notice"}]},{"@type":"WebSite","@id":"https:\/\/www.asiactionfurniture.com\/#website","url":"https:\/\/www.asiactionfurniture.com\/","name":"Agence d&#039;achat de meubles Asiaction en Chine","description":"Votre agence de meubles en Chine","publisher":{"@id":"https:\/\/www.asiactionfurniture.com\/#organization"},"potentialAction":[{"@type":"SearchAction","target":{"@type":"EntryPoint","urlTemplate":"https:\/\/www.asiactionfurniture.com\/?s={search_term_string}"},"query-input":{"@type":"PropertyValueSpecification","valueRequired":true,"valueName":"search_term_string"}}],"inLanguage":"fr-FR"},{"@type":"Organization","@id":"https:\/\/www.asiactionfurniture.com\/#organization","name":"Meubles d&#039;Asction","url":"https:\/\/www.asiactionfurniture.com\/","logo":{"@type":"ImageObject","inLanguage":"fr-FR","@id":"https:\/\/www.asiactionfurniture.com\/#\/schema\/logo\/image\/","url":"https:\/\/www.asiactionfurniture.com\/wp-content\/uploads\/2019\/04\/logo-asiaction-furniture.png","contentUrl":"https:\/\/www.asiactionfurniture.com\/wp-content\/uploads\/2019\/04\/logo-asiaction-furniture.png","width":705,"height":226,"caption":"Asiaction Furniture"},"image":{"@id":"https:\/\/www.asiactionfurniture.com\/#\/schema\/logo\/image\/"},"sameAs":["https:\/\/www.facebook.com\/asiactionfurniture","https:\/\/www.linkedin.com\/showcase\/asiaction-furniture\/","https:\/\/www.youtube.com\/channel\/UCC8rDKepVPVegL8CNgR0T4A\/featured"]}]}},"_links":{"self":[{"href":"https:\/\/www.asiactionfurniture.com\/fr\/wp-json\/wp\/v2\/pages\/44258","targetHints":{"allow":["GET"]}}],"collection":[{"href":"https:\/\/www.asiactionfurniture.com\/fr\/wp-json\/wp\/v2\/pages"}],"about":[{"href":"https:\/\/www.asiactionfurniture.com\/fr\/wp-json\/wp\/v2\/types\/page"}],"author":[{"embeddable":true,"href":"https:\/\/www.asiactionfurniture.com\/fr\/wp-json\/wp\/v2\/users\/1"}],"replies":[{"embeddable":true,"href":"https:\/\/www.asiactionfurniture.com\/fr\/wp-json\/wp\/v2\/comments?post=44258"}],"version-history":[{"count":8,"href":"https:\/\/www.asiactionfurniture.com\/fr\/wp-json\/wp\/v2\/pages\/44258\/revisions"}],"predecessor-version":[{"id":44380,"href":"https:\/\/www.asiactionfurniture.com\/fr\/wp-json\/wp\/v2\/pages\/44258\/revisions\/44380"}],"wp:attachment":[{"href":"https:\/\/www.asiactionfurniture.com\/fr\/wp-json\/wp\/v2\/media?parent=44258"}],"curies":[{"name":"wp","href":"https:\/\/api.w.org\/{rel}","templated":true}]}}